{"id":68,"date":"2022-03-15T09:36:00","date_gmt":"2022-03-15T09:36:00","guid":{"rendered":"https:\/\/www.godothor.cz\/?page_id=68"},"modified":"2026-01-14T14:11:48","modified_gmt":"2026-01-14T14:11:48","slug":"kolaborace","status":"publish","type":"page","link":"https:\/\/www.godothor.cz\/?page_id=68","title":{"rendered":"Kolaborace"},"content":{"rendered":"\n<p><\/p>\n\n\n\n<div class=\"wp-block-columns is-layout-flex wp-container-core-columns-is-layout-9d6595d7 wp-block-columns-is-layout-flex\">\n<div class=\"wp-block-column is-layout-flow wp-block-column-is-layout-flow\" style=\"flex-basis:50%\">\n<figure class=\"wp-block-image size-large\"><img loading=\"lazy\" decoding=\"async\" width=\"768\" height=\"1024\" src=\"https:\/\/www.godothor.cz\/wp-content\/uploads\/2026\/01\/600343445_4461802537422282_6772116328987886254_n-768x1024.jpg\" alt=\"\" class=\"wp-image-376\" srcset=\"https:\/\/www.godothor.cz\/wp-content\/uploads\/2026\/01\/600343445_4461802537422282_6772116328987886254_n-768x1024.jpg 768w, https:\/\/www.godothor.cz\/wp-content\/uploads\/2026\/01\/600343445_4461802537422282_6772116328987886254_n-225x300.jpg 225w, https:\/\/www.godothor.cz\/wp-content\/uploads\/2026\/01\/600343445_4461802537422282_6772116328987886254_n-1152x1536.jpg 1152w, https:\/\/www.godothor.cz\/wp-content\/uploads\/2026\/01\/600343445_4461802537422282_6772116328987886254_n-400x533.jpg 400w, https:\/\/www.godothor.cz\/wp-content\/uploads\/2026\/01\/600343445_4461802537422282_6772116328987886254_n-800x1067.jpg 800w, https:\/\/www.godothor.cz\/wp-content\/uploads\/2026\/01\/600343445_4461802537422282_6772116328987886254_n.jpg 1536w\" sizes=\"auto, (max-width: 768px) 100vw, 768px\" \/><figcaption class=\"wp-element-caption\">CD Necromanth \/ Pure antichristian terror<\/figcaption><\/figure>\n<\/div>\n\n\n\n<div class=\"wp-block-column is-layout-flow wp-block-column-is-layout-flow\" style=\"flex-basis:50%\">\n<figure class=\"wp-block-image size-large\"><img loading=\"lazy\" decoding=\"async\" width=\"730\" height=\"1024\" src=\"https:\/\/www.godothor.cz\/wp-content\/uploads\/2024\/12\/Obrazek-1-730x1024.jpg\" alt=\"\" class=\"wp-image-348\" style=\"aspect-ratio:0.7129092732266643\" srcset=\"https:\/\/www.godothor.cz\/wp-content\/uploads\/2024\/12\/Obrazek-1-730x1024.jpg 730w, https:\/\/www.godothor.cz\/wp-content\/uploads\/2024\/12\/Obrazek-1-214x300.jpg 214w, https:\/\/www.godothor.cz\/wp-content\/uploads\/2024\/12\/Obrazek-1-768x1078.jpg 768w, https:\/\/www.godothor.cz\/wp-content\/uploads\/2024\/12\/Obrazek-1-400x561.jpg 400w, https:\/\/www.godothor.cz\/wp-content\/uploads\/2024\/12\/Obrazek-1-800x1123.jpg 800w, https:\/\/www.godothor.cz\/wp-content\/uploads\/2024\/12\/Obrazek-1.jpg 1028w\" sizes=\"auto, (max-width: 730px) 100vw, 730px\" \/><figcaption class=\"wp-element-caption\">CD CRIONIC \/ Different<\/figcaption><\/figure>\n<\/div>\n<\/div>\n\n\n\n<div class=\"wp-block-columns is-layout-flex wp-container-core-columns-is-layout-9d6595d7 wp-block-columns-is-layout-flex\">\n<div class=\"wp-block-column is-layout-flow wp-block-column-is-layout-flow\">\n<figure class=\"wp-block-image size-large\"><img loading=\"lazy\" decoding=\"async\" width=\"724\" height=\"1024\" src=\"https:\/\/www.godothor.cz\/wp-content\/uploads\/2022\/03\/7B070A59-C4D7-4E2F-876C-D847778B9285-724x1024.jpeg\" alt=\"\" class=\"wp-image-120\" srcset=\"https:\/\/www.godothor.cz\/wp-content\/uploads\/2022\/03\/7B070A59-C4D7-4E2F-876C-D847778B9285-724x1024.jpeg 724w, https:\/\/www.godothor.cz\/wp-content\/uploads\/2022\/03\/7B070A59-C4D7-4E2F-876C-D847778B9285-212x300.jpeg 212w, https:\/\/www.godothor.cz\/wp-content\/uploads\/2022\/03\/7B070A59-C4D7-4E2F-876C-D847778B9285-768x1086.jpeg 768w, https:\/\/www.godothor.cz\/wp-content\/uploads\/2022\/03\/7B070A59-C4D7-4E2F-876C-D847778B9285-1086x1536.jpeg 1086w, https:\/\/www.godothor.cz\/wp-content\/uploads\/2022\/03\/7B070A59-C4D7-4E2F-876C-D847778B9285-1448x2048.jpeg 1448w, https:\/\/www.godothor.cz\/wp-content\/uploads\/2022\/03\/7B070A59-C4D7-4E2F-876C-D847778B9285-1870x2645.jpeg 1870w, https:\/\/www.godothor.cz\/wp-content\/uploads\/2022\/03\/7B070A59-C4D7-4E2F-876C-D847778B9285-400x566.jpeg 400w, https:\/\/www.godothor.cz\/wp-content\/uploads\/2022\/03\/7B070A59-C4D7-4E2F-876C-D847778B9285-800x1132.jpeg 800w, https:\/\/www.godothor.cz\/wp-content\/uploads\/2022\/03\/7B070A59-C4D7-4E2F-876C-D847778B9285-scaled.jpeg 1810w\" sizes=\"auto, (max-width: 724px) 100vw, 724px\" \/><figcaption class=\"wp-element-caption\">CD Root \/ MADNESS OF THE GRAVES<\/figcaption><\/figure>\n\n\n\n<figure class=\"wp-block-image size-large\"><img loading=\"lazy\" decoding=\"async\" width=\"724\" height=\"1024\" src=\"https:\/\/www.godothor.cz\/wp-content\/uploads\/2022\/03\/3FE88350-25B6-4D4F-9DC8-342016087AAB-724x1024.jpeg\" alt=\"\" class=\"wp-image-118\" srcset=\"https:\/\/www.godothor.cz\/wp-content\/uploads\/2022\/03\/3FE88350-25B6-4D4F-9DC8-342016087AAB-724x1024.jpeg 724w, https:\/\/www.godothor.cz\/wp-content\/uploads\/2022\/03\/3FE88350-25B6-4D4F-9DC8-342016087AAB-212x300.jpeg 212w, https:\/\/www.godothor.cz\/wp-content\/uploads\/2022\/03\/3FE88350-25B6-4D4F-9DC8-342016087AAB-768x1086.jpeg 768w, https:\/\/www.godothor.cz\/wp-content\/uploads\/2022\/03\/3FE88350-25B6-4D4F-9DC8-342016087AAB-1086x1536.jpeg 1086w, https:\/\/www.godothor.cz\/wp-content\/uploads\/2022\/03\/3FE88350-25B6-4D4F-9DC8-342016087AAB-1448x2048.jpeg 1448w, https:\/\/www.godothor.cz\/wp-content\/uploads\/2022\/03\/3FE88350-25B6-4D4F-9DC8-342016087AAB-1870x2645.jpeg 1870w, https:\/\/www.godothor.cz\/wp-content\/uploads\/2022\/03\/3FE88350-25B6-4D4F-9DC8-342016087AAB-400x566.jpeg 400w, https:\/\/www.godothor.cz\/wp-content\/uploads\/2022\/03\/3FE88350-25B6-4D4F-9DC8-342016087AAB-800x1132.jpeg 800w, https:\/\/www.godothor.cz\/wp-content\/uploads\/2022\/03\/3FE88350-25B6-4D4F-9DC8-342016087AAB-scaled.jpeg 1810w\" sizes=\"auto, (max-width: 724px) 100vw, 724px\" \/><figcaption class=\"wp-element-caption\">2CD a DVD Debustrol <br>\/ 33 LET ANTIKRISTA<\/figcaption><\/figure>\n<\/div>\n\n\n\n<div class=\"wp-block-column is-layout-flow wp-block-column-is-layout-flow\">\n<figure class=\"wp-block-image size-large\"><img loading=\"lazy\" decoding=\"async\" width=\"724\" height=\"1024\" src=\"https:\/\/www.godothor.cz\/wp-content\/uploads\/2022\/03\/DFAA16B8-39BA-4412-8FB7-6B3757AE8DF1-724x1024.jpeg\" alt=\"\" class=\"wp-image-119\" srcset=\"https:\/\/www.godothor.cz\/wp-content\/uploads\/2022\/03\/DFAA16B8-39BA-4412-8FB7-6B3757AE8DF1-724x1024.jpeg 724w, https:\/\/www.godothor.cz\/wp-content\/uploads\/2022\/03\/DFAA16B8-39BA-4412-8FB7-6B3757AE8DF1-212x300.jpeg 212w, https:\/\/www.godothor.cz\/wp-content\/uploads\/2022\/03\/DFAA16B8-39BA-4412-8FB7-6B3757AE8DF1-768x1086.jpeg 768w, https:\/\/www.godothor.cz\/wp-content\/uploads\/2022\/03\/DFAA16B8-39BA-4412-8FB7-6B3757AE8DF1-1086x1536.jpeg 1086w, https:\/\/www.godothor.cz\/wp-content\/uploads\/2022\/03\/DFAA16B8-39BA-4412-8FB7-6B3757AE8DF1-1448x2048.jpeg 1448w, https:\/\/www.godothor.cz\/wp-content\/uploads\/2022\/03\/DFAA16B8-39BA-4412-8FB7-6B3757AE8DF1-1870x2645.jpeg 1870w, https:\/\/www.godothor.cz\/wp-content\/uploads\/2022\/03\/DFAA16B8-39BA-4412-8FB7-6B3757AE8DF1-400x566.jpeg 400w, https:\/\/www.godothor.cz\/wp-content\/uploads\/2022\/03\/DFAA16B8-39BA-4412-8FB7-6B3757AE8DF1-800x1132.jpeg 800w, https:\/\/www.godothor.cz\/wp-content\/uploads\/2022\/03\/DFAA16B8-39BA-4412-8FB7-6B3757AE8DF1-scaled.jpeg 1810w\" sizes=\"auto, (max-width: 724px) 100vw, 724px\" \/><figcaption class=\"wp-element-caption\">CD Limetal \/ PRAVDU UK\u00c1\u017dE \u010cAS <\/figcaption><\/figure>\n\n\n\n<figure class=\"wp-block-image size-large\"><img loading=\"lazy\" decoding=\"async\" width=\"724\" height=\"1024\" src=\"https:\/\/www.godothor.cz\/wp-content\/uploads\/2022\/03\/9D7EB204-2202-4C92-81A7-F6532E704852-724x1024.jpeg\" alt=\"\" class=\"wp-image-144\" srcset=\"https:\/\/www.godothor.cz\/wp-content\/uploads\/2022\/03\/9D7EB204-2202-4C92-81A7-F6532E704852-724x1024.jpeg 724w, https:\/\/www.godothor.cz\/wp-content\/uploads\/2022\/03\/9D7EB204-2202-4C92-81A7-F6532E704852-212x300.jpeg 212w, https:\/\/www.godothor.cz\/wp-content\/uploads\/2022\/03\/9D7EB204-2202-4C92-81A7-F6532E704852-768x1086.jpeg 768w, https:\/\/www.godothor.cz\/wp-content\/uploads\/2022\/03\/9D7EB204-2202-4C92-81A7-F6532E704852-1086x1536.jpeg 1086w, https:\/\/www.godothor.cz\/wp-content\/uploads\/2022\/03\/9D7EB204-2202-4C92-81A7-F6532E704852-1448x2048.jpeg 1448w, https:\/\/www.godothor.cz\/wp-content\/uploads\/2022\/03\/9D7EB204-2202-4C92-81A7-F6532E704852-1870x2645.jpeg 1870w, https:\/\/www.godothor.cz\/wp-content\/uploads\/2022\/03\/9D7EB204-2202-4C92-81A7-F6532E704852-400x566.jpeg 400w, https:\/\/www.godothor.cz\/wp-content\/uploads\/2022\/03\/9D7EB204-2202-4C92-81A7-F6532E704852-800x1132.jpeg 800w, https:\/\/www.godothor.cz\/wp-content\/uploads\/2022\/03\/9D7EB204-2202-4C92-81A7-F6532E704852-scaled.jpeg 1810w\" sizes=\"auto, (max-width: 724px) 100vw, 724px\" \/><figcaption class=\"wp-element-caption\">CD Dehydrated \/ AFTER THE FUNERAL<\/figcaption><\/figure>\n<\/div>\n<\/div>\n\n\n\n<figure class=\"wp-block-gallery has-nested-images columns-default is-cropped wp-block-gallery-1 is-layout-flex wp-block-gallery-is-layout-flex\">\n<figure class=\"wp-block-image size-large\"><img loading=\"lazy\" decoding=\"async\" width=\"720\" height=\"1086\" data-id=\"239\" src=\"https:\/\/www.godothor.cz\/wp-content\/uploads\/2022\/03\/E46A238C-219D-44EE-82FF-48C6510CFD88.jpeg\" alt=\"\" class=\"wp-image-239\" srcset=\"https:\/\/www.godothor.cz\/wp-content\/uploads\/2022\/03\/E46A238C-219D-44EE-82FF-48C6510CFD88.jpeg 720w, https:\/\/www.godothor.cz\/wp-content\/uploads\/2022\/03\/E46A238C-219D-44EE-82FF-48C6510CFD88-199x300.jpeg 199w, https:\/\/www.godothor.cz\/wp-content\/uploads\/2022\/03\/E46A238C-219D-44EE-82FF-48C6510CFD88-679x1024.jpeg 679w, https:\/\/www.godothor.cz\/wp-content\/uploads\/2022\/03\/E46A238C-219D-44EE-82FF-48C6510CFD88-400x603.jpeg 400w\" sizes=\"auto, (max-width: 720px) 100vw, 720px\" \/><\/figure>\n\n\n\n<figure class=\"wp-block-image size-large\"><img loading=\"lazy\" decoding=\"async\" width=\"720\" height=\"1043\" data-id=\"240\" src=\"https:\/\/www.godothor.cz\/wp-content\/uploads\/2022\/03\/817ED47D-A205-487D-912A-4F5FA7BB98B0.jpeg\" alt=\"\" class=\"wp-image-240\" srcset=\"https:\/\/www.godothor.cz\/wp-content\/uploads\/2022\/03\/817ED47D-A205-487D-912A-4F5FA7BB98B0.jpeg 720w, https:\/\/www.godothor.cz\/wp-content\/uploads\/2022\/03\/817ED47D-A205-487D-912A-4F5FA7BB98B0-207x300.jpeg 207w, https:\/\/www.godothor.cz\/wp-content\/uploads\/2022\/03\/817ED47D-A205-487D-912A-4F5FA7BB98B0-707x1024.jpeg 707w, https:\/\/www.godothor.cz\/wp-content\/uploads\/2022\/03\/817ED47D-A205-487D-912A-4F5FA7BB98B0-400x579.jpeg 400w\" sizes=\"auto, (max-width: 720px) 100vw, 720px\" \/><\/figure>\n<figcaption class=\"blocks-gallery-caption wp-element-caption\">Spolupr\u00e1ce s periodiky a rockov\u00fdmi kluby<\/figcaption><\/figure>\n\n\n\n<figure class=\"wp-block-gallery has-nested-images columns-default is-cropped wp-block-gallery-2 is-layout-flex wp-block-gallery-is-layout-flex\">\n<figure class=\"wp-block-image size-large\"><img loading=\"lazy\" decoding=\"async\" width=\"704\" height=\"1024\" data-id=\"242\" src=\"https:\/\/www.godothor.cz\/wp-content\/uploads\/2022\/03\/BEC39C6A-198F-423F-89F3-77DEA43BF343-704x1024.jpeg\" alt=\"\" class=\"wp-image-242\" srcset=\"https:\/\/www.godothor.cz\/wp-content\/uploads\/2022\/03\/BEC39C6A-198F-423F-89F3-77DEA43BF343-704x1024.jpeg 704w, https:\/\/www.godothor.cz\/wp-content\/uploads\/2022\/03\/BEC39C6A-198F-423F-89F3-77DEA43BF343-206x300.jpeg 206w, https:\/\/www.godothor.cz\/wp-content\/uploads\/2022\/03\/BEC39C6A-198F-423F-89F3-77DEA43BF343-400x582.jpeg 400w, https:\/\/www.godothor.cz\/wp-content\/uploads\/2022\/03\/BEC39C6A-198F-423F-89F3-77DEA43BF343.jpeg 720w\" sizes=\"auto, (max-width: 704px) 100vw, 704px\" \/><\/figure>\n<figcaption class=\"blocks-gallery-caption wp-element-caption\">Spolupr\u00e1ce s periodiky a kapelami<\/figcaption><\/figure>\n","protected":false},"excerpt":{"rendered":"","protected":false},"author":1,"featured_media":104,"parent":0,"menu_order":0,"comment_status":"closed","ping_status":"closed","template":"","meta":{"footnotes":""},"class_list":["post-68","page","type-page","status-publish","has-post-thumbnail","hentry","has-thumbnail"],"_links":{"self":[{"href":"https:\/\/www.godothor.cz\/index.php?rest_route=\/wp\/v2\/pages\/68","targetHints":{"allow":["GET"]}}],"collection":[{"href":"https:\/\/www.godothor.cz\/index.php?rest_route=\/wp\/v2\/pages"}],"about":[{"href":"https:\/\/www.godothor.cz\/index.php?rest_route=\/wp\/v2\/types\/page"}],"author":[{"embeddable":true,"href":"https:\/\/www.godothor.cz\/index.php?rest_route=\/wp\/v2\/users\/1"}],"replies":[{"embeddable":true,"href":"https:\/\/www.godothor.cz\/index.php?rest_route=%2Fwp%2Fv2%2Fcomments&post=68"}],"version-history":[{"count":13,"href":"https:\/\/www.godothor.cz\/index.php?rest_route=\/wp\/v2\/pages\/68\/revisions"}],"predecessor-version":[{"id":381,"href":"https:\/\/www.godothor.cz\/index.php?rest_route=\/wp\/v2\/pages\/68\/revisions\/381"}],"wp:featuredmedia":[{"embeddable":true,"href":"https:\/\/www.godothor.cz\/index.php?rest_route=\/wp\/v2\/media\/104"}],"wp:attachment":[{"href":"https:\/\/www.godothor.cz\/index.php?rest_route=%2Fwp%2Fv2%2Fmedia&parent=68"}],"curies":[{"name":"wp","href":"https:\/\/api.w.org\/{rel}","templated":true}]}}