{"id":17,"date":"2022-03-14T15:58:57","date_gmt":"2022-03-14T15:58:57","guid":{"rendered":"http:\/\/www.godothor.cz\/?page_id=17"},"modified":"2026-01-14T14:32:54","modified_gmt":"2026-01-14T14:32:54","slug":"kontakt","status":"publish","type":"page","link":"https:\/\/www.godothor.cz\/?page_id=17","title":{"rendered":"Kontakt"},"content":{"rendered":"\n<p>e-mail: Godothor@gmail.com<br>tel. +420 602 977 937<br><a href=\"https:\/\/www.instagram.com\/godothor_curator\">INSTAGRAM<\/a><br><a href=\"https:\/\/www.facebook.com\/Godothor\">FACEBOOK<\/a><\/p>\n\n\n\n<p><\/p>\n\n\n\n<p>Nato\u010deno:<\/p>\n\n\n\n<p><strong>Projekt Backstage<\/strong>\/ <a href=\"https:\/\/www.youtube.com\/watch?v=0tVLShWl6fE\" data-type=\"link\" data-id=\"https:\/\/www.youtube.com\/watch?v=0tVLShWl6fE\">PETR. V GODOTHOR |2024| interview<\/a><br><strong>Backstage CLASSIC<\/strong>\/ <a href=\"https:\/\/www.youtube.com\/watch?v=nkwed-tixqI\">mal\u00ed\u0159 Petr V. Godothor<\/a><\/p>\n\n\n\n<p><strong>Sl\u00e1vek Bour\u00e1 show, s hosty vo co go<\/strong>\/ <a href=\"https:\/\/www.facebook.com\/watch\/?v=281070882999368\">host &#8211; mal\u00ed\u0159 Petr Godothor<\/a><br><br>Naps\u00e1no:<\/p>\n\n\n\n<p><strong>\u010casopis INTERVIEW \u010d. 1\/26<\/strong> (8 stran rozhovoru) <br><strong>N\u00e1\u0161 region<\/strong>\/ <a href=\"https:\/\/nasregion.cz\/maluji-zivot-i-z-druhe-strany-rika-malir-petr-v-godothor-190272\/\">Maluji \u017eivot i z druh\u00e9 strany&#8230;<\/a><br><strong>M\u010c Praha8<\/strong>\/ <a href=\"https:\/\/www.praha8.cz\/Rozhovor-malir-ze-Svabek-Petr-V-Godothor.html\">Rozhovor: mal\u00ed\u0159 ze \u0160v\u00e1bek Petr V. Godothor<\/a><br><strong>Aha!<\/strong>\/<a href=\"https:\/\/www.ahaonline.cz\/clanek\/musite-vedet\/125120\/malir-bizarnosti-petr-v-godothor-nadavaji-mi-do-silencu.html\">Mal\u00ed\u0159 bizarnost\u00ed Petr V. Godothor<\/a><\/p>\n","protected":false},"excerpt":{"rendered":"<p>e-mail: Godothor@gmail.comtel. +420 602 977 937INSTAGRAMFACEBOOK Nato\u010deno: Projekt Backstage\/ PETR. V GODOTHOR |2024| interviewBackstage CLASSIC\/ mal\u00ed\u0159 Petr V. Godothor Sl\u00e1vek Bour\u00e1 show, s hosty vo co go\/ host &#8211; mal\u00ed\u0159 Petr Godothor Naps\u00e1no: \u010casopis INTERVIEW \u010d. 1\/26 (8 stran rozhovoru) N\u00e1\u0161 region\/ Maluji \u017eivot i z druh\u00e9 strany&#8230;M\u010c Praha8\/ Rozhovor: mal\u00ed\u0159 ze \u0160v\u00e1bek Petr V. [&hellip;]<\/p>\n","protected":false},"author":1,"featured_media":0,"parent":0,"menu_order":0,"comment_status":"closed","ping_status":"closed","template":"","meta":{"footnotes":""},"class_list":["post-17","page","type-page","status-publish","hentry","missing-thumbnail"],"_links":{"self":[{"href":"https:\/\/www.godothor.cz\/index.php?rest_route=\/wp\/v2\/pages\/17","targetHints":{"allow":["GET"]}}],"collection":[{"href":"https:\/\/www.godothor.cz\/index.php?rest_route=\/wp\/v2\/pages"}],"about":[{"href":"https:\/\/www.godothor.cz\/index.php?rest_route=\/wp\/v2\/types\/page"}],"author":[{"embeddable":true,"href":"https:\/\/www.godothor.cz\/index.php?rest_route=\/wp\/v2\/users\/1"}],"replies":[{"embeddable":true,"href":"https:\/\/www.godothor.cz\/index.php?rest_route=%2Fwp%2Fv2%2Fcomments&post=17"}],"version-history":[{"count":7,"href":"https:\/\/www.godothor.cz\/index.php?rest_route=\/wp\/v2\/pages\/17\/revisions"}],"predecessor-version":[{"id":384,"href":"https:\/\/www.godothor.cz\/index.php?rest_route=\/wp\/v2\/pages\/17\/revisions\/384"}],"wp:attachment":[{"href":"https:\/\/www.godothor.cz\/index.php?rest_route=%2Fwp%2Fv2%2Fmedia&parent=17"}],"curies":[{"name":"wp","href":"https:\/\/api.w.org\/{rel}","templated":true}]}}