{"id":16,"date":"2022-03-14T15:58:57","date_gmt":"2022-03-14T15:58:57","guid":{"rendered":"http:\/\/www.godothor.cz\/?page_id=16"},"modified":"2022-04-25T11:53:16","modified_gmt":"2022-04-25T11:53:16","slug":"o-nas","status":"publish","type":"page","link":"https:\/\/www.godothor.cz\/?page_id=16","title":{"rendered":"O autorovi"},"content":{"rendered":"\n<div class=\"wp-block-group\"><div class=\"wp-block-group__inner-container is-layout-flow wp-block-group-is-layout-flow\">\n<div class=\"wp-block-columns is-layout-flex wp-container-core-columns-is-layout-9d6595d7 wp-block-columns-is-layout-flex\">\n<div class=\"wp-block-column is-layout-flow wp-block-column-is-layout-flow\" style=\"flex-basis:100%\">\n<div class=\"wp-block-columns is-layout-flex wp-container-core-columns-is-layout-9d6595d7 wp-block-columns-is-layout-flex\">\n<div class=\"wp-block-column is-layout-flow wp-block-column-is-layout-flow\" style=\"flex-basis:100%\">\n<div class=\"wp-block-group\"><div class=\"wp-block-group__inner-container is-layout-flow wp-block-group-is-layout-flow\">\n<p>Mal\u00ed\u0159 pat\u0159\u00edc\u00ed do rodiny t\u00e9to kategorie v prav\u00e9m slova smyslu. Je autodidakt s logick\u00fdm estetick\u00fdm citem a kapacitou filozofa. S pokorou a sebev\u011bdom\u00edm maluje. Sv\u00fdm vysok\u00fdm intelektem poznal a odm\u00edtl v\u0161echny n\u00e1strahy dne\u0161n\u00edho pseudoum\u011bn\u00ed, jako show, komerce, snobismu s jeho demagogi\u00ed. Jeho d\u00edlo je obrazem vlastn\u00edho vyhran\u011bn\u00e9ho jasna. Intimita idol\u016f a vzor\u016f je hluboko skryta pr\u00e1v\u011b zde. Pochopil, \u017ee um\u011bn\u00ed je od slova um\u011bti a to p\u0159edev\u0161\u00edm. \u0158emeslo, estetick\u00e9 znalosti a orientace v soudob\u00e9m trendu, poctivost, pokora bez \u201ehoch\u0161taplerstv\u00ed\u201c, pov\u00fd\u0161enosti dne\u0161ka a tak zvan\u00e9ho intelektu\u00e1la v pejorativu.<br>Jak \u0159\u00edk\u00e1 Shakespeare:<br>\u2026a vav\u0159\u00edn na hlav\u00e1ch nehodn\u00fdch<br>\u2026a jazyk um\u011bn\u00ed, vrchnost\u00ed zmrza\u010den\u00fd<br>\u2026a blbost rad\u00edc\u00ed rozumu<br>Pozn\u00e1n\u00edm sama sebe a sebezdokonalov\u00e1n\u00edm v cel\u00e9 komplexnosti nepodlehl \u0161arlat\u00e1nstv\u00ed sb\u011bratel\u016f smeti\u0161\u0165, vyd\u00e1vaj\u00edc\u00ed podvod a neum\u011bn\u00ed, a pr\u00e1v\u011b to neum\u011bn\u00ed za um\u011bleck\u00fd v\u00fdtvor a unik\u00e1t. Jist\u011b\u017ee renomovan\u00fd a erudovan\u00fd kritik, ne recesista najde v\u00fdhrady. Ani jinak nelze a bu\u010fme za tuto pomoc vd\u011b\u010dni. To v\u0161e, esoterika, mysticismus, mysti\u010dno, sv\u00e9bytnost, unik\u00e1tnost a z\u00e1m\u011brnost rukopisu, to je mal\u00ed\u0159 Petr V. GODOTHOR.<\/p>\n\n\n\n<hr class=\"wp-block-separator\"\/>\n\n\n\n<p>Painter who belongs to the family in its true sense. A self-learner with a logical sense of aesthetics and a capacity of a true philosopher. An artist who paints both with humility and self-confidence. Thanks to his high intellect he safely recognized and rejected all traps of contemporary pseudo-art, such as show, commercialism or snobbery with its poisonous demagogy. Godothor &#8218;s body of work is a reflection of his own perfectly defined concept of Clarity. That is exactly where all the intimacy of his idols and role model is safely and deeply hidden. Godothor realized that the main essence of art (as in \u201esklil\u201c) comes from the ability to be skilful. Among the main ingredients are the craft, the aesthetic perception and successful navigation throughout contemporary trends, plus honesty and humility without trickery, devoid of all arrogance and completely free from so-called highbrow intellectuals with pejorative connotations.<\/p>\n\n\n\n<p>As William Shakespeare says in his Sonnet no. 66:<br>\u2026and quilded Honour shamefully misplaced<br>\u2026and Art made tonque-tied by Authority<br>\u2026and Folly controlling Skill<\/p>\n\n\n\n<p>Via the process of self-knowledge and self-improvement, Godothor managed to resist the hideous charlatanism of shameless art collectors who pass off sheer garbage and complete junk for real art and unique masterpieces. Of course a renowned and arudite art critic \u2013 unlike someone fond of pranks \u2013 will voice his objections. It is clearly inevitable and we are grateful for such important help. To sum up, the mix of exotericism, mysticism, mystery, distinctivness, originality and intent, all of this defines Petr V. GODOTHOR painter.<\/p>\n\n\n\n<p>Dmitrij Kadrno\u017eka<br>Prof. Ak. Mal. \/ academic painter and graphic artist<\/p>\n<\/div><\/div>\n<\/div>\n<\/div>\n<\/div>\n<\/div>\n<\/div><\/div>\n\n\n\n<p><\/p>\n","protected":false},"excerpt":{"rendered":"<p>Mal\u00ed\u0159 pat\u0159\u00edc\u00ed do rodiny t\u00e9to kategorie v prav\u00e9m slova smyslu. Je autodidakt s logick\u00fdm estetick\u00fdm citem a kapacitou filozofa. S pokorou a sebev\u011bdom\u00edm maluje. Sv\u00fdm vysok\u00fdm intelektem poznal a odm\u00edtl v\u0161echny n\u00e1strahy dne\u0161n\u00edho pseudoum\u011bn\u00ed, jako show, komerce, snobismu s jeho demagogi\u00ed. Jeho d\u00edlo je obrazem vlastn\u00edho vyhran\u011bn\u00e9ho jasna. Intimita idol\u016f a vzor\u016f je hluboko skryta [&hellip;]<\/p>\n","protected":false},"author":1,"featured_media":8,"parent":0,"menu_order":0,"comment_status":"closed","ping_status":"closed","template":"","meta":{"footnotes":""},"class_list":["post-16","page","type-page","status-publish","has-post-thumbnail","hentry","has-thumbnail"],"_links":{"self":[{"href":"https:\/\/www.godothor.cz\/index.php?rest_route=\/wp\/v2\/pages\/16","targetHints":{"allow":["GET"]}}],"collection":[{"href":"https:\/\/www.godothor.cz\/index.php?rest_route=\/wp\/v2\/pages"}],"about":[{"href":"https:\/\/www.godothor.cz\/index.php?rest_route=\/wp\/v2\/types\/page"}],"author":[{"embeddable":true,"href":"https:\/\/www.godothor.cz\/index.php?rest_route=\/wp\/v2\/users\/1"}],"replies":[{"embeddable":true,"href":"https:\/\/www.godothor.cz\/index.php?rest_route=%2Fwp%2Fv2%2Fcomments&post=16"}],"version-history":[{"count":6,"href":"https:\/\/www.godothor.cz\/index.php?rest_route=\/wp\/v2\/pages\/16\/revisions"}],"predecessor-version":[{"id":266,"href":"https:\/\/www.godothor.cz\/index.php?rest_route=\/wp\/v2\/pages\/16\/revisions\/266"}],"wp:featuredmedia":[{"embeddable":true,"href":"https:\/\/www.godothor.cz\/index.php?rest_route=\/wp\/v2\/media\/8"}],"wp:attachment":[{"href":"https:\/\/www.godothor.cz\/index.php?rest_route=%2Fwp%2Fv2%2Fmedia&parent=16"}],"curies":[{"name":"wp","href":"https:\/\/api.w.org\/{rel}","templated":true}]}}