{"id":15,"date":"2022-03-14T15:58:57","date_gmt":"2022-03-14T15:58:57","guid":{"rendered":"http:\/\/www.godothor.cz\/?page_id=15"},"modified":"2022-03-22T12:22:56","modified_gmt":"2022-03-22T12:22:56","slug":"vytvorte-si-svuj-web-s-bloky","status":"publish","type":"page","link":"https:\/\/www.godothor.cz\/","title":{"rendered":"Petr V. Godothor"},"content":{"rendered":"\n<h2 class=\"alignwide has-text-align-wide has-large-font-size wp-block-heading\" style=\"line-height:1.1\">Vstup na vlastn\u00ed nebezpe\u010d\u00ed \/ Entry at your own risk!<\/h2>\n\n\n\n<p>Z\u00e1hada, mystika, dekadence, bolest. Tak lze charakterizovat produkci tohoto mal\u00ed\u0159e. Pr\u016fkopn\u00edk \u010desk\u00e9ho bizarn\u00edho surrealismu pracuje s neobvykl\u00fdmi t\u00e9maty a p\u0159\u00edb\u011bhy. Obrazy jsou pln\u00e9 jinotaj\u016f a skryt\u00fdch v\u00fdznam\u016f, kter\u00e9 umoc\u0148uj\u00ed emoce a celkov\u00fd dojem.<br>V d\u00edlech p\u0159eva\u017euje kombinovan\u00e1 technika akrylu a olejomalby na pl\u00e1tnech ve velk\u00e9m form\u00e1tu.<br>Autorsk\u00e9 obrazy jsou zastoupeny ve sb\u00edrk\u00e1ch po cel\u00e9 Evrop\u011b, ale najdete je i na bookletech hudebn\u00edch kapel, kter\u00e9 tuto spolupr\u00e1ci velmi \u010dasto vyhled\u00e1vaj\u00ed.<br>Bu\u010fte v\u00edt\u00e1ni na str\u00e1nk\u00e1ch mapuj\u00edc\u00edch sv\u011bt GODOTHORA!<\/p>\n\n\n\n<p>Mystery, mystique, decadence, pain. That is how we can chrakterize production of this painter. Pioneer of Czech bizzare surrealism works with unusual themes and stories. Paintings are full of allegory and hidden meanings which amplify feelings and emotions.<br>Combined technique of acrylics and oil-painting on canvas in large-format is mainly used.<br>Author\u00b4s paintings are included in collections all over Europe but you can find them even on booklets of music bands which are looking for this cooperation very often. So welcome to the world of the GODOTHOR!<\/p>\n\n\n\n<div class=\"wp-block-columns is-layout-flex wp-container-core-columns-is-layout-9d6595d7 wp-block-columns-is-layout-flex\">\n<div class=\"wp-block-column is-layout-flow wp-block-column-is-layout-flow\"><\/div>\n\n\n\n<div class=\"wp-block-column is-layout-flow wp-block-column-is-layout-flow\"><\/div>\n<\/div>\n\n\n\n<div class=\"wp-block-columns alignwide are-vertically-aligned-top is-layout-flex wp-container-core-columns-is-layout-9d6595d7 wp-block-columns-is-layout-flex\">\n<div class=\"wp-block-column is-vertically-aligned-top is-layout-flow wp-block-column-is-layout-flow\">\n<h3 class=\"wp-block-heading\"><a href=\"https:\/\/www.godothor.cz\/?page_id=83\">Galerie<\/a><\/h3>\n\n\n\n<p>Jeden klik a &#8230;<\/p>\n<\/div>\n\n\n\n<div class=\"wp-block-column is-vertically-aligned-top is-layout-flow wp-block-column-is-layout-flow\">\n<h3 class=\"wp-block-heading\"><a href=\"https:\/\/www.godothor.cz\/?page_id=165\">V.I.P.<\/a><\/h3>\n\n\n\n<p>V\u00fdb\u011br z hrozn\u00fdch<\/p>\n<\/div>\n\n\n\n<div class=\"wp-block-column is-vertically-aligned-top is-layout-flow wp-block-column-is-layout-flow\">\n<h3 class=\"wp-block-heading\"><a href=\"https:\/\/www.godothor.cz\/?page_id=147\">Mimohr\u00e1tky<\/a><\/h3>\n\n\n\n<p>Kdy\u017e nemaluje, tak si hraje&#8230;<\/p>\n<\/div>\n<\/div>\n\n\n\n<div style=\"height:100px\" aria-hidden=\"true\" class=\"wp-block-spacer\"><\/div>\n\n\n\n<div class=\"wp-block-cover alignwide is-style-twentytwentyone-border\" style=\"min-height:513px;aspect-ratio:unset;\"><span aria-hidden=\"true\" class=\"has-green-background-color wp-block-cover__gradient-background has-background-dim\"><\/span><img loading=\"lazy\" decoding=\"async\" width=\"2560\" height=\"1473\" class=\"wp-block-cover__image-background wp-image-110\" alt=\"\" src=\"https:\/\/www.godothor.cz\/wp-content\/uploads\/2022\/03\/ksichty-scaled.jpg\" style=\"object-position:46% 62%\" data-object-fit=\"cover\" data-object-position=\"46% 62%\" srcset=\"https:\/\/www.godothor.cz\/wp-content\/uploads\/2022\/03\/ksichty-scaled.jpg 2560w, https:\/\/www.godothor.cz\/wp-content\/uploads\/2022\/03\/ksichty-300x173.jpg 300w, https:\/\/www.godothor.cz\/wp-content\/uploads\/2022\/03\/ksichty-1024x589.jpg 1024w, https:\/\/www.godothor.cz\/wp-content\/uploads\/2022\/03\/ksichty-768x442.jpg 768w, https:\/\/www.godothor.cz\/wp-content\/uploads\/2022\/03\/ksichty-1536x884.jpg 1536w, https:\/\/www.godothor.cz\/wp-content\/uploads\/2022\/03\/ksichty-2048x1178.jpg 2048w, https:\/\/www.godothor.cz\/wp-content\/uploads\/2022\/03\/ksichty-1870x1076.jpg 1870w, https:\/\/www.godothor.cz\/wp-content\/uploads\/2022\/03\/ksichty-400x230.jpg 400w, https:\/\/www.godothor.cz\/wp-content\/uploads\/2022\/03\/ksichty-800x460.jpg 800w\" sizes=\"auto, (max-width: 2560px) 100vw, 2560px\" \/><div class=\"wp-block-cover__inner-container is-layout-flow wp-block-cover-is-layout-flow\">\n<div style=\"height:20px\" aria-hidden=\"true\" class=\"wp-block-spacer\"><\/div>\n\n\n\n<p class=\"has-text-align-center has-larger-font-size\">Ned\u00edlnou sou\u010d\u00e1st\u00ed autorovy tvorby, vyjma ilustrov\u00e1n\u00ed knih, se stala na z\u00e1klad\u011b hojn\u00e9 popt\u00e1vky metalov\u00fdch skupin z \u010cech i ze zahrani\u010d\u00ed, tvorba obal\u016f a booklet\u016f hudebn\u00edch nosi\u010d\u016f, jejich\u017e uk\u00e1zku najdete v sekci <a href=\"https:\/\/www.godothor.cz\/?page_id=68\">Kolaborace<\/a>.<\/p>\n\n\n\n<div style=\"height:75px\" aria-hidden=\"true\" class=\"wp-block-spacer\"><\/div>\n\n\n\n<div class=\"wp-block-columns is-layout-flex wp-container-core-columns-is-layout-9d6595d7 wp-block-columns-is-layout-flex\">\n<div class=\"wp-block-column is-layout-flow wp-block-column-is-layout-flow\">\n<p class=\"has-regular-font-size\">Nahl\u00e9dnout m\u016f\u017eete do archivu <a href=\"https:\/\/www.metal-archives.com\/artists\/Godothor\/757495\">metalov\u00e9 encyklopedie<\/a><\/p>\n<\/div>\n\n\n\n<div class=\"wp-block-column is-layout-flow wp-block-column-is-layout-flow\"><\/div>\n<\/div>\n\n\n\n<div style=\"height:20px\" aria-hidden=\"true\" class=\"wp-block-spacer\"><\/div>\n<\/div><\/div>\n\n\n\n<p><\/p>\n","protected":false},"excerpt":{"rendered":"<p>Vstup na vlastn\u00ed nebezpe\u010d\u00ed \/ Entry at your own risk! Z\u00e1hada, mystika, dekadence, bolest. Tak lze charakterizovat produkci tohoto mal\u00ed\u0159e. Pr\u016fkopn\u00edk \u010desk\u00e9ho bizarn\u00edho surrealismu pracuje s neobvykl\u00fdmi t\u00e9maty a p\u0159\u00edb\u011bhy. Obrazy jsou pln\u00e9 jinotaj\u016f a skryt\u00fdch v\u00fdznam\u016f, kter\u00e9 umoc\u0148uj\u00ed emoce a celkov\u00fd dojem.V d\u00edlech p\u0159eva\u017euje kombinovan\u00e1 technika akrylu a olejomalby na pl\u00e1tnech ve velk\u00e9m form\u00e1tu.Autorsk\u00e9 [&hellip;]<\/p>\n","protected":false},"author":1,"featured_media":125,"parent":0,"menu_order":0,"comment_status":"closed","ping_status":"closed","template":"","meta":{"footnotes":""},"class_list":["post-15","page","type-page","status-publish","has-post-thumbnail","hentry","has-thumbnail"],"_links":{"self":[{"href":"https:\/\/www.godothor.cz\/index.php?rest_route=\/wp\/v2\/pages\/15","targetHints":{"allow":["GET"]}}],"collection":[{"href":"https:\/\/www.godothor.cz\/index.php?rest_route=\/wp\/v2\/pages"}],"about":[{"href":"https:\/\/www.godothor.cz\/index.php?rest_route=\/wp\/v2\/types\/page"}],"author":[{"embeddable":true,"href":"https:\/\/www.godothor.cz\/index.php?rest_route=\/wp\/v2\/users\/1"}],"replies":[{"embeddable":true,"href":"https:\/\/www.godothor.cz\/index.php?rest_route=%2Fwp%2Fv2%2Fcomments&post=15"}],"version-history":[{"count":32,"href":"https:\/\/www.godothor.cz\/index.php?rest_route=\/wp\/v2\/pages\/15\/revisions"}],"predecessor-version":[{"id":260,"href":"https:\/\/www.godothor.cz\/index.php?rest_route=\/wp\/v2\/pages\/15\/revisions\/260"}],"wp:featuredmedia":[{"embeddable":true,"href":"https:\/\/www.godothor.cz\/index.php?rest_route=\/wp\/v2\/media\/125"}],"wp:attachment":[{"href":"https:\/\/www.godothor.cz\/index.php?rest_route=%2Fwp%2Fv2%2Fmedia&parent=15"}],"curies":[{"name":"wp","href":"https:\/\/api.w.org\/{rel}","templated":true}]}}