{"id":147,"date":"2022-03-16T16:19:58","date_gmt":"2022-03-16T16:19:58","guid":{"rendered":"https:\/\/www.godothor.cz\/?page_id=147"},"modified":"2023-12-22T16:39:57","modified_gmt":"2023-12-22T16:39:57","slug":"mimohratky","status":"publish","type":"page","link":"https:\/\/www.godothor.cz\/?page_id=147","title":{"rendered":"Mimohr\u00e1tky"},"content":{"rendered":"\n<figure class=\"wp-block-gallery has-nested-images columns-default is-cropped wp-block-gallery-1 is-layout-flex wp-block-gallery-is-layout-flex\">\n<figure class=\"wp-block-image size-large\"><img loading=\"lazy\" decoding=\"async\" width=\"1024\" height=\"1024\" data-id=\"317\" src=\"https:\/\/www.godothor.cz\/wp-content\/uploads\/2023\/12\/oltar.jpg\" alt=\"\" class=\"wp-image-317\" srcset=\"https:\/\/www.godothor.cz\/wp-content\/uploads\/2023\/12\/oltar.jpg 1024w, https:\/\/www.godothor.cz\/wp-content\/uploads\/2023\/12\/oltar-300x300.jpg 300w, https:\/\/www.godothor.cz\/wp-content\/uploads\/2023\/12\/oltar-150x150.jpg 150w, https:\/\/www.godothor.cz\/wp-content\/uploads\/2023\/12\/oltar-768x768.jpg 768w, https:\/\/www.godothor.cz\/wp-content\/uploads\/2023\/12\/oltar-400x400.jpg 400w, https:\/\/www.godothor.cz\/wp-content\/uploads\/2023\/12\/oltar-800x800.jpg 800w\" sizes=\"auto, (max-width: 1024px) 100vw, 1024px\" \/><figcaption class=\"wp-element-caption\">V\u00fdroba olt\u00e1\u0159e <\/figcaption><\/figure>\n<\/figure>\n\n\n\n<figure class=\"wp-block-gallery has-nested-images columns-default is-cropped wp-block-gallery-2 is-layout-flex wp-block-gallery-is-layout-flex\">\n<figure class=\"wp-block-image size-large\"><img loading=\"lazy\" decoding=\"async\" width=\"1024\" height=\"1024\" data-id=\"315\" src=\"https:\/\/www.godothor.cz\/wp-content\/uploads\/2023\/12\/set.jpg\" alt=\"\" class=\"wp-image-315\" srcset=\"https:\/\/www.godothor.cz\/wp-content\/uploads\/2023\/12\/set.jpg 1024w, https:\/\/www.godothor.cz\/wp-content\/uploads\/2023\/12\/set-300x300.jpg 300w, https:\/\/www.godothor.cz\/wp-content\/uploads\/2023\/12\/set-150x150.jpg 150w, https:\/\/www.godothor.cz\/wp-content\/uploads\/2023\/12\/set-768x768.jpg 768w, https:\/\/www.godothor.cz\/wp-content\/uploads\/2023\/12\/set-400x400.jpg 400w, https:\/\/www.godothor.cz\/wp-content\/uploads\/2023\/12\/set-800x800.jpg 800w\" sizes=\"auto, (max-width: 1024px) 100vw, 1024px\" \/><figcaption class=\"wp-element-caption\">V\u00fdroba setu ve st\u0159edov\u011bk\u00e9m stylu<\/figcaption><\/figure>\n<\/figure>\n\n\n\n<div class=\"wp-block-columns is-layout-flex wp-container-core-columns-is-layout-9d6595d7 wp-block-columns-is-layout-flex\">\n<div class=\"wp-block-column is-layout-flow wp-block-column-is-layout-flow\">\n<figure class=\"wp-block-gallery has-nested-images columns-default is-cropped wp-block-gallery-3 is-layout-flex wp-block-gallery-is-layout-flex\">\n<figure class=\"wp-block-image size-full\"><img loading=\"lazy\" decoding=\"async\" width=\"795\" height=\"1024\" data-id=\"155\" src=\"https:\/\/www.godothor.cz\/wp-content\/uploads\/2022\/03\/E4286E0D-308A-494C-8C3F-96EED9E57600.jpeg\" alt=\"\" class=\"wp-image-155\" srcset=\"https:\/\/www.godothor.cz\/wp-content\/uploads\/2022\/03\/E4286E0D-308A-494C-8C3F-96EED9E57600.jpeg 795w, https:\/\/www.godothor.cz\/wp-content\/uploads\/2022\/03\/E4286E0D-308A-494C-8C3F-96EED9E57600-233x300.jpeg 233w, https:\/\/www.godothor.cz\/wp-content\/uploads\/2022\/03\/E4286E0D-308A-494C-8C3F-96EED9E57600-768x989.jpeg 768w, https:\/\/www.godothor.cz\/wp-content\/uploads\/2022\/03\/E4286E0D-308A-494C-8C3F-96EED9E57600-400x515.jpeg 400w\" sizes=\"auto, (max-width: 795px) 100vw, 795px\" \/><figcaption class=\"wp-element-caption\">Restaurov\u00e1n\u00ed obrazov\u00e9ho r\u00e1mu<\/figcaption><\/figure>\n<\/figure>\n<\/div>\n\n\n\n<div class=\"wp-block-column is-layout-flow wp-block-column-is-layout-flow\">\n<figure class=\"wp-block-gallery has-nested-images columns-default is-cropped wp-block-gallery-4 is-layout-flex wp-block-gallery-is-layout-flex\">\n<figure class=\"wp-block-image size-large\"><img loading=\"lazy\" decoding=\"async\" width=\"768\" height=\"1024\" data-id=\"156\" src=\"https:\/\/www.godothor.cz\/wp-content\/uploads\/2022\/03\/314E0166-A4B8-45F4-A6A9-7406D1C32862-768x1024.jpeg\" alt=\"\" class=\"wp-image-156\" srcset=\"https:\/\/www.godothor.cz\/wp-content\/uploads\/2022\/03\/314E0166-A4B8-45F4-A6A9-7406D1C32862-768x1024.jpeg 768w, https:\/\/www.godothor.cz\/wp-content\/uploads\/2022\/03\/314E0166-A4B8-45F4-A6A9-7406D1C32862-225x300.jpeg 225w, https:\/\/www.godothor.cz\/wp-content\/uploads\/2022\/03\/314E0166-A4B8-45F4-A6A9-7406D1C32862-1152x1536.jpeg 1152w, https:\/\/www.godothor.cz\/wp-content\/uploads\/2022\/03\/314E0166-A4B8-45F4-A6A9-7406D1C32862-1536x2048.jpeg 1536w, https:\/\/www.godothor.cz\/wp-content\/uploads\/2022\/03\/314E0166-A4B8-45F4-A6A9-7406D1C32862-1870x2493.jpeg 1870w, https:\/\/www.godothor.cz\/wp-content\/uploads\/2022\/03\/314E0166-A4B8-45F4-A6A9-7406D1C32862-400x533.jpeg 400w, https:\/\/www.godothor.cz\/wp-content\/uploads\/2022\/03\/314E0166-A4B8-45F4-A6A9-7406D1C32862-800x1067.jpeg 800w, https:\/\/www.godothor.cz\/wp-content\/uploads\/2022\/03\/314E0166-A4B8-45F4-A6A9-7406D1C32862-scaled.jpeg 1920w\" sizes=\"auto, (max-width: 768px) 100vw, 768px\" \/><figcaption class=\"wp-element-caption\">Zdoben\u00ed obrazov\u00e9ho r\u00e1mu<\/figcaption><\/figure>\n<\/figure>\n<\/div>\n<\/div>\n\n\n\n<figure class=\"wp-block-gallery has-nested-images columns-default is-cropped wp-block-gallery-5 is-layout-flex wp-block-gallery-is-layout-flex\">\n<figure class=\"wp-block-image size-large\"><img loading=\"lazy\" decoding=\"async\" width=\"1024\" height=\"1024\" data-id=\"153\" src=\"https:\/\/www.godothor.cz\/wp-content\/uploads\/2022\/03\/F80ECD17-1ABC-46A4-9ABF-176E958B310F-1024x1024.png\" alt=\"\" class=\"wp-image-153\" srcset=\"https:\/\/www.godothor.cz\/wp-content\/uploads\/2022\/03\/F80ECD17-1ABC-46A4-9ABF-176E958B310F-1024x1024.png 1024w, https:\/\/www.godothor.cz\/wp-content\/uploads\/2022\/03\/F80ECD17-1ABC-46A4-9ABF-176E958B310F-300x300.png 300w, https:\/\/www.godothor.cz\/wp-content\/uploads\/2022\/03\/F80ECD17-1ABC-46A4-9ABF-176E958B310F-150x150.png 150w, https:\/\/www.godothor.cz\/wp-content\/uploads\/2022\/03\/F80ECD17-1ABC-46A4-9ABF-176E958B310F-768x768.png 768w, https:\/\/www.godothor.cz\/wp-content\/uploads\/2022\/03\/F80ECD17-1ABC-46A4-9ABF-176E958B310F-1536x1536.png 1536w, https:\/\/www.godothor.cz\/wp-content\/uploads\/2022\/03\/F80ECD17-1ABC-46A4-9ABF-176E958B310F-400x400.png 400w, https:\/\/www.godothor.cz\/wp-content\/uploads\/2022\/03\/F80ECD17-1ABC-46A4-9ABF-176E958B310F-800x800.png 800w, https:\/\/www.godothor.cz\/wp-content\/uploads\/2022\/03\/F80ECD17-1ABC-46A4-9ABF-176E958B310F.png 1800w\" sizes=\"auto, (max-width: 1024px) 100vw, 1024px\" \/><figcaption class=\"wp-element-caption\">V\u00fdroba obalu knihy s centr\u00e1ln\u00edm zamyk\u00e1n\u00edm<\/figcaption><\/figure>\n<\/figure>\n\n\n\n<figure class=\"wp-block-gallery has-nested-images columns-default is-cropped wp-block-gallery-6 is-layout-flex wp-block-gallery-is-layout-flex\">\n<figure class=\"wp-block-image size-large\"><img loading=\"lazy\" decoding=\"async\" width=\"1024\" height=\"1024\" data-id=\"152\" src=\"https:\/\/www.godothor.cz\/wp-content\/uploads\/2022\/03\/556ABB66-6596-4320-967C-F4BF669ACB6A-1024x1024.jpeg\" alt=\"\" class=\"wp-image-152\" srcset=\"https:\/\/www.godothor.cz\/wp-content\/uploads\/2022\/03\/556ABB66-6596-4320-967C-F4BF669ACB6A-1024x1024.jpeg 1024w, https:\/\/www.godothor.cz\/wp-content\/uploads\/2022\/03\/556ABB66-6596-4320-967C-F4BF669ACB6A-300x300.jpeg 300w, https:\/\/www.godothor.cz\/wp-content\/uploads\/2022\/03\/556ABB66-6596-4320-967C-F4BF669ACB6A-150x150.jpeg 150w, https:\/\/www.godothor.cz\/wp-content\/uploads\/2022\/03\/556ABB66-6596-4320-967C-F4BF669ACB6A-768x768.jpeg 768w, https:\/\/www.godothor.cz\/wp-content\/uploads\/2022\/03\/556ABB66-6596-4320-967C-F4BF669ACB6A-1536x1536.jpeg 1536w, https:\/\/www.godothor.cz\/wp-content\/uploads\/2022\/03\/556ABB66-6596-4320-967C-F4BF669ACB6A-400x400.jpeg 400w, https:\/\/www.godothor.cz\/wp-content\/uploads\/2022\/03\/556ABB66-6596-4320-967C-F4BF669ACB6A-800x800.jpeg 800w, https:\/\/www.godothor.cz\/wp-content\/uploads\/2022\/03\/556ABB66-6596-4320-967C-F4BF669ACB6A.jpeg 1800w\" sizes=\"auto, (max-width: 1024px) 100vw, 1024px\" \/><figcaption class=\"wp-element-caption\">V\u00fdroba obrazov\u00e9ho r\u00e1mu se speci\u00e1ln\u00edm brou\u0161en\u00edm<\/figcaption><\/figure>\n<\/figure>\n\n\n\n<figure class=\"wp-block-gallery has-nested-images columns-default is-cropped wp-block-gallery-7 is-layout-flex wp-block-gallery-is-layout-flex\">\n<figure class=\"wp-block-image size-large\"><img loading=\"lazy\" decoding=\"async\" width=\"1024\" height=\"1024\" data-id=\"161\" src=\"https:\/\/www.godothor.cz\/wp-content\/uploads\/2022\/03\/4B15EC75-BFB5-4FCD-9453-25AA44E54E4E-1024x1024.png\" alt=\"\" class=\"wp-image-161\" srcset=\"https:\/\/www.godothor.cz\/wp-content\/uploads\/2022\/03\/4B15EC75-BFB5-4FCD-9453-25AA44E54E4E-1024x1024.png 1024w, https:\/\/www.godothor.cz\/wp-content\/uploads\/2022\/03\/4B15EC75-BFB5-4FCD-9453-25AA44E54E4E-300x300.png 300w, https:\/\/www.godothor.cz\/wp-content\/uploads\/2022\/03\/4B15EC75-BFB5-4FCD-9453-25AA44E54E4E-150x150.png 150w, https:\/\/www.godothor.cz\/wp-content\/uploads\/2022\/03\/4B15EC75-BFB5-4FCD-9453-25AA44E54E4E-768x768.png 768w, https:\/\/www.godothor.cz\/wp-content\/uploads\/2022\/03\/4B15EC75-BFB5-4FCD-9453-25AA44E54E4E-1536x1536.png 1536w, https:\/\/www.godothor.cz\/wp-content\/uploads\/2022\/03\/4B15EC75-BFB5-4FCD-9453-25AA44E54E4E-400x400.png 400w, https:\/\/www.godothor.cz\/wp-content\/uploads\/2022\/03\/4B15EC75-BFB5-4FCD-9453-25AA44E54E4E-800x800.png 800w, https:\/\/www.godothor.cz\/wp-content\/uploads\/2022\/03\/4B15EC75-BFB5-4FCD-9453-25AA44E54E4E.png 1800w\" sizes=\"auto, (max-width: 1024px) 100vw, 1024px\" \/><figcaption class=\"wp-element-caption\">Dobov\u00e9 kopie n\u00e1bytku (hrad Houska)<\/figcaption><\/figure>\n<\/figure>\n\n\n\n<figure class=\"wp-block-gallery has-nested-images columns-default is-cropped wp-block-gallery-8 is-layout-flex wp-block-gallery-is-layout-flex\">\n<figure class=\"wp-block-image size-large\"><img loading=\"lazy\" decoding=\"async\" width=\"1024\" height=\"1024\" data-id=\"162\" src=\"https:\/\/www.godothor.cz\/wp-content\/uploads\/2022\/03\/041823D9-527E-4328-987E-130CB84535A9-1024x1024.png\" alt=\"\" class=\"wp-image-162\" srcset=\"https:\/\/www.godothor.cz\/wp-content\/uploads\/2022\/03\/041823D9-527E-4328-987E-130CB84535A9-1024x1024.png 1024w, https:\/\/www.godothor.cz\/wp-content\/uploads\/2022\/03\/041823D9-527E-4328-987E-130CB84535A9-300x300.png 300w, https:\/\/www.godothor.cz\/wp-content\/uploads\/2022\/03\/041823D9-527E-4328-987E-130CB84535A9-150x150.png 150w, https:\/\/www.godothor.cz\/wp-content\/uploads\/2022\/03\/041823D9-527E-4328-987E-130CB84535A9-768x768.png 768w, https:\/\/www.godothor.cz\/wp-content\/uploads\/2022\/03\/041823D9-527E-4328-987E-130CB84535A9-1536x1536.png 1536w, https:\/\/www.godothor.cz\/wp-content\/uploads\/2022\/03\/041823D9-527E-4328-987E-130CB84535A9-400x400.png 400w, https:\/\/www.godothor.cz\/wp-content\/uploads\/2022\/03\/041823D9-527E-4328-987E-130CB84535A9-800x800.png 800w, https:\/\/www.godothor.cz\/wp-content\/uploads\/2022\/03\/041823D9-527E-4328-987E-130CB84535A9.png 1800w\" sizes=\"auto, (max-width: 1024px) 100vw, 1024px\" \/><figcaption class=\"wp-element-caption\">Kolekce erbovn\u00edch znak\u016f (hrad Houska)<\/figcaption><\/figure>\n<\/figure>\n\n\n\n<figure class=\"wp-block-gallery has-nested-images columns-default is-cropped wp-block-gallery-9 is-layout-flex wp-block-gallery-is-layout-flex\">\n<figure class=\"wp-block-image size-large\"><img loading=\"lazy\" decoding=\"async\" width=\"1024\" height=\"1024\" data-id=\"160\" src=\"https:\/\/www.godothor.cz\/wp-content\/uploads\/2022\/03\/372D0359-4870-4623-95D9-C487FB5A5EAA-1024x1024.png\" alt=\"\" class=\"wp-image-160\" srcset=\"https:\/\/www.godothor.cz\/wp-content\/uploads\/2022\/03\/372D0359-4870-4623-95D9-C487FB5A5EAA-1024x1024.png 1024w, https:\/\/www.godothor.cz\/wp-content\/uploads\/2022\/03\/372D0359-4870-4623-95D9-C487FB5A5EAA-300x300.png 300w, https:\/\/www.godothor.cz\/wp-content\/uploads\/2022\/03\/372D0359-4870-4623-95D9-C487FB5A5EAA-150x150.png 150w, https:\/\/www.godothor.cz\/wp-content\/uploads\/2022\/03\/372D0359-4870-4623-95D9-C487FB5A5EAA-768x768.png 768w, https:\/\/www.godothor.cz\/wp-content\/uploads\/2022\/03\/372D0359-4870-4623-95D9-C487FB5A5EAA-1536x1536.png 1536w, https:\/\/www.godothor.cz\/wp-content\/uploads\/2022\/03\/372D0359-4870-4623-95D9-C487FB5A5EAA-400x400.png 400w, https:\/\/www.godothor.cz\/wp-content\/uploads\/2022\/03\/372D0359-4870-4623-95D9-C487FB5A5EAA-800x800.png 800w, https:\/\/www.godothor.cz\/wp-content\/uploads\/2022\/03\/372D0359-4870-4623-95D9-C487FB5A5EAA.png 1800w\" sizes=\"auto, (max-width: 1024px) 100vw, 1024px\" \/><figcaption class=\"wp-element-caption\">Vendel\u00edni<\/figcaption><\/figure>\n<\/figure>\n\n\n\n<figure class=\"wp-block-gallery has-nested-images columns-default is-cropped wp-block-gallery-10 is-layout-flex wp-block-gallery-is-layout-flex\">\n<figure class=\"wp-block-image size-large\"><img loading=\"lazy\" decoding=\"async\" width=\"1024\" height=\"1024\" data-id=\"225\" src=\"https:\/\/www.godothor.cz\/wp-content\/uploads\/2022\/03\/51717689-17D1-4EE2-A7D1-3FA33D0BBF0C-1024x1024.png\" alt=\"\" class=\"wp-image-225\" srcset=\"https:\/\/www.godothor.cz\/wp-content\/uploads\/2022\/03\/51717689-17D1-4EE2-A7D1-3FA33D0BBF0C-1024x1024.png 1024w, https:\/\/www.godothor.cz\/wp-content\/uploads\/2022\/03\/51717689-17D1-4EE2-A7D1-3FA33D0BBF0C-300x300.png 300w, https:\/\/www.godothor.cz\/wp-content\/uploads\/2022\/03\/51717689-17D1-4EE2-A7D1-3FA33D0BBF0C-150x150.png 150w, https:\/\/www.godothor.cz\/wp-content\/uploads\/2022\/03\/51717689-17D1-4EE2-A7D1-3FA33D0BBF0C-768x768.png 768w, https:\/\/www.godothor.cz\/wp-content\/uploads\/2022\/03\/51717689-17D1-4EE2-A7D1-3FA33D0BBF0C-1536x1536.png 1536w, https:\/\/www.godothor.cz\/wp-content\/uploads\/2022\/03\/51717689-17D1-4EE2-A7D1-3FA33D0BBF0C-400x400.png 400w, https:\/\/www.godothor.cz\/wp-content\/uploads\/2022\/03\/51717689-17D1-4EE2-A7D1-3FA33D0BBF0C-800x800.png 800w, https:\/\/www.godothor.cz\/wp-content\/uploads\/2022\/03\/51717689-17D1-4EE2-A7D1-3FA33D0BBF0C.png 1800w\" sizes=\"auto, (max-width: 1024px) 100vw, 1024px\" \/><figcaption class=\"wp-element-caption\">V\u00fdroba n\u00e1bytku<\/figcaption><\/figure>\n<\/figure>\n","protected":false},"excerpt":{"rendered":"","protected":false},"author":1,"featured_media":0,"parent":15,"menu_order":0,"comment_status":"closed","ping_status":"closed","template":"","meta":{"footnotes":""},"class_list":["post-147","page","type-page","status-publish","hentry","missing-thumbnail"],"_links":{"self":[{"href":"https:\/\/www.godothor.cz\/index.php?rest_route=\/wp\/v2\/pages\/147","targetHints":{"allow":["GET"]}}],"collection":[{"href":"https:\/\/www.godothor.cz\/index.php?rest_route=\/wp\/v2\/pages"}],"about":[{"href":"https:\/\/www.godothor.cz\/index.php?rest_route=\/wp\/v2\/types\/page"}],"author":[{"embeddable":true,"href":"https:\/\/www.godothor.cz\/index.php?rest_route=\/wp\/v2\/users\/1"}],"replies":[{"embeddable":true,"href":"https:\/\/www.godothor.cz\/index.php?rest_route=%2Fwp%2Fv2%2Fcomments&post=147"}],"version-history":[{"count":10,"href":"https:\/\/www.godothor.cz\/index.php?rest_route=\/wp\/v2\/pages\/147\/revisions"}],"predecessor-version":[{"id":318,"href":"https:\/\/www.godothor.cz\/index.php?rest_route=\/wp\/v2\/pages\/147\/revisions\/318"}],"up":[{"embeddable":true,"href":"https:\/\/www.godothor.cz\/index.php?rest_route=\/wp\/v2\/pages\/15"}],"wp:attachment":[{"href":"https:\/\/www.godothor.cz\/index.php?rest_route=%2Fwp%2Fv2%2Fmedia&parent=147"}],"curies":[{"name":"wp","href":"https:\/\/api.w.org\/{rel}","templated":true}]}}